{"id":2205,"date":"2025-10-15T13:45:17","date_gmt":"2025-10-15T13:45:17","guid":{"rendered":"https:\/\/mapa.parapentcavallera.com\/vents-meteorologiques\/"},"modified":"2025-11-26T17:53:03","modified_gmt":"2025-11-26T17:53:03","slug":"vents-meteorologiques","status":"publish","type":"page","link":"https:\/\/mapa.parapentcavallera.com\/fr\/vents-meteorologiques\/","title":{"rendered":"VENTS M\u00c9T\u00c9OROLOGIQUES."},"content":{"rendered":"\t\t<div data-elementor-type=\"wp-page\" data-elementor-id=\"2205\" class=\"elementor elementor-2205 elementor-1755\" data-elementor-post-type=\"page\">\n\t\t\t\t<div class=\"elementor-element elementor-element-af0c209 e-flex e-con-boxed e-con e-parent\" data-id=\"af0c209\" data-element_type=\"container\" data-e-type=\"container\" data-settings=\"{&quot;background_background&quot;:&quot;classic&quot;}\">\n\t\t\t\t\t<div class=\"e-con-inner\">\n\t\t\t\t<div class=\"elementor-element elementor-element-9b7b554 elementor-widget elementor-widget-heading\" data-id=\"9b7b554\" data-element_type=\"widget\" data-e-type=\"widget\" data-widget_type=\"heading.default\">\n\t\t\t\t\t<h2 class=\"elementor-heading-title elementor-size-default\">VENTS M\u00c9T\u00c9OROLOGIQUES.<\/h2>\t\t\t\t<\/div>\n\t\t\t\t\t<\/div>\n\t\t\t\t<\/div>\n\t\t<div class=\"elementor-element elementor-element-a1330bd e-flex e-con-boxed e-con e-parent\" data-id=\"a1330bd\" data-element_type=\"container\" data-e-type=\"container\">\n\t\t\t\t\t<div class=\"e-con-inner\">\n\t\t\t\t<div class=\"elementor-element elementor-element-bf99d0f elementor-widget elementor-widget-spacer\" data-id=\"bf99d0f\" data-element_type=\"widget\" data-e-type=\"widget\" data-widget_type=\"spacer.default\">\n\t\t\t\t\t\t\t<div class=\"elementor-spacer\">\n\t\t\t<div class=\"elementor-spacer-inner\"><\/div>\n\t\t<\/div>\n\t\t\t\t\t\t<\/div>\n\t\t\t\t\t<\/div>\n\t\t\t\t<\/div>\n\t\t<div class=\"elementor-element elementor-element-b1fe11b e-con-full e-flex e-con e-parent\" data-id=\"b1fe11b\" data-element_type=\"container\" data-e-type=\"container\">\n\t\t<div class=\"elementor-element elementor-element-e6c0120 e-con-full e-flex e-con e-child\" data-id=\"e6c0120\" data-element_type=\"container\" data-e-type=\"container\">\n\t\t\t\t<div class=\"elementor-element elementor-element-a25a72b elementor-widget elementor-widget-heading\" data-id=\"a25a72b\" data-element_type=\"widget\" data-e-type=\"widget\" data-widget_type=\"heading.default\">\n\t\t\t\t\t<h2 class=\"elementor-heading-title elementor-size-default\">NORD<\/h2>\t\t\t\t<\/div>\n\t\t\t\t<div class=\"elementor-element elementor-element-0644593 elementor-widget elementor-widget-text-editor\" data-id=\"0644593\" data-element_type=\"widget\" data-e-type=\"widget\" data-widget_type=\"text-editor.default\">\n\t\t\t\t\t\t\t\t\t<p>Nous tiendrons compte du fait que cette composante du vent peut \u00eatre de diff\u00e9rentes intensit\u00e9s, ce qui en fait l&rsquo;une des composantes a\u00e9rologiques offrant le plus grand \u00e9ventail de possibilit\u00e9s, tant positives que n\u00e9gatives, lorsqu&rsquo;il s&rsquo;agit de la g\u00e9rer. Ce n&rsquo;est pas le cas, par exemple, du vent d&rsquo;ouest qui, outre la possibilit\u00e9 d&rsquo;offrir un vent arri\u00e8re pour acc\u00e9l\u00e9rer, est g\u00e9n\u00e9ralement une composante n\u00e9faste pour le parapente dans cette zone.<\/p><p>Avec une composante nord de faible intensit\u00e9, nous nous retrouverons face \u00e0 des sc\u00e9narios propices \u00e0 de bonnes conditions de vol, \u00e0 condition que l&rsquo;instabilit\u00e9 soit minimale et que cette composante circule au-dessus des reliefs. Nous parlons de vitesses ne d\u00e9passant pas 15 km\/h. Il faudra tenir compte du fait qu&rsquo;en cas de formation de cumulus, ce vent tend \u00e0 les faire d\u00e9vier vers le sud, laissant les zones productrices de chaleur \u00e0 l&rsquo;ombre, avec pour cons\u00e9quence une absence de brise.  <\/p><p><img fetchpriority=\"high\" decoding=\"async\" class=\"size-full wp-image-2357 aligncenter\" src=\"https:\/\/mapa.parapentcavallera.com\/wp-content\/uploads\/2025\/11\/N.png\" alt=\"\" width=\"270\" height=\"258\"><\/p><p>Normalement, ce composant n&rsquo;a pas de phases d&rsquo;intensit\u00e9 moyenne, c&rsquo;est-\u00e0-dire qu&rsquo;il y a soit une entr\u00e9e claire qui laisse la zone compl\u00e8tement impossible pour le parapente, soit il offre des conditions favorables comme nous l&rsquo;avons mentionn\u00e9 ci-dessus.<\/p><p>Oui, nous pouvons trouver des vents avec une composante nord sur les pentes orient\u00e9es et avec des intensit\u00e9s moyennes, surtout en hiver, qui nous permettent de les supporter, mais sans affecter les zones plus basses du sud.<\/p><p>Les entr\u00e9es de cette composante avec des intensit\u00e9s \u00e9lev\u00e9es engendreront presque toujours de tr\u00e8s mauvaises conditions. Il faut savoir que les jours de forte instabilit\u00e9 et \u00e0 haute altitude, la brise peut masquer l&rsquo;intensit\u00e9 de la composante nord, produisant de larges tourbillons et des zones descendantes. Il est int\u00e9ressant de noter que des vents peuvent atteindre 50 km\/h \u00e0 haute altitude et dans des zones de vol en basse altitude, en dessous de 1 000 m. Dans ces situations, il faut tenir compte du fait que le retrait de la brise favorable au vol, d\u00fb \u00e0 la baisse du soleil ou \u00e0 d&rsquo;autres facteurs, laisse tr\u00e8s rapidement la composante nord libre d&rsquo;entrer.  <\/p>\t\t\t\t\t\t\t\t<\/div>\n\t\t\t\t<\/div>\n\t\t<div class=\"elementor-element elementor-element-7efa8df e-con-full e-flex e-con e-child\" data-id=\"7efa8df\" data-element_type=\"container\" data-e-type=\"container\">\n\t\t\t\t<div class=\"elementor-element elementor-element-43f59c7 elementor-widget elementor-widget-heading\" data-id=\"43f59c7\" data-element_type=\"widget\" data-e-type=\"widget\" data-widget_type=\"heading.default\">\n\t\t\t\t\t<h2 class=\"elementor-heading-title elementor-size-default\">SUD<\/h2>\t\t\t\t<\/div>\n\t\t\t\t<div class=\"elementor-element elementor-element-43f9a6f elementor-widget elementor-widget-text-editor\" data-id=\"43f9a6f\" data-element_type=\"widget\" data-e-type=\"widget\" data-widget_type=\"text-editor.default\">\n\t\t\t\t\t\t\t\t\t<p>Cette composante du vent ne pr\u00e9sente pas plus de risques que sa somme avec la brise topographique et, par cons\u00e9quent, un renforcement des brises dans la zone en conditions normales. Par cons\u00e9quent, il faut tenir compte du fait que, bien que le relief soit favorable \u00e0 la direction sud de la brise, un renforcement excessif de celle-ci engendrera des zones tout aussi dangereuses en termes de turbulence et de vent sous le vent. <\/p><p><img decoding=\"async\" class=\"size-full wp-image-2359 aligncenter\" src=\"https:\/\/mapa.parapentcavallera.com\/wp-content\/uploads\/2025\/11\/S.png\" alt=\"\" width=\"270\" height=\"258\"><\/p>\t\t\t\t\t\t\t\t<\/div>\n\t\t\t\t<\/div>\n\t\t<div class=\"elementor-element elementor-element-77a8586 e-con-full e-flex e-con e-child\" data-id=\"77a8586\" data-element_type=\"container\" data-e-type=\"container\">\n\t\t\t\t<div class=\"elementor-element elementor-element-c9b3088 elementor-widget elementor-widget-heading\" data-id=\"c9b3088\" data-element_type=\"widget\" data-e-type=\"widget\" data-widget_type=\"heading.default\">\n\t\t\t\t\t<h2 class=\"elementor-heading-title elementor-size-default\">EST<\/h2>\t\t\t\t<\/div>\n\t\t\t\t<div class=\"elementor-element elementor-element-c89016e elementor-widget elementor-widget-text-editor\" data-id=\"c89016e\" data-element_type=\"widget\" data-e-type=\"widget\" data-widget_type=\"text-editor.default\">\n\t\t\t\t\t\t\t\t\t<p>Ici, il faut d&rsquo;abord diff\u00e9rencier, en tant que concept, ce qu&rsquo;est un vent d&rsquo;est et ce qu&rsquo;est la brise associ\u00e9e \u00e0 la marina, qui dans le cas pr\u00e9sent, en raison de la situation de la mer \u00e0 l&rsquo;est, vient de celle-ci.<\/p><p><img decoding=\"async\" class=\"alignnone size-full wp-image-2356\" src=\"https:\/\/mapa.parapentcavallera.com\/wp-content\/uploads\/2025\/11\/E.png\" alt=\"\" width=\"270\" height=\"258\"><\/p><p>Dans le premier cas, le vent d&rsquo;est est associ\u00e9 \u00e0 une d\u00e9pression en M\u00e9diterran\u00e9e, ce qui implique une entr\u00e9e de vents humides et un ciel nuageux, des plafonds bas et des journ\u00e9es pluvieuses (vents d&rsquo;est), ce qui limite les possibilit\u00e9s de vol dans des conditions favorables. Ces entr\u00e9es de vent ne sont g\u00e9n\u00e9ralement pas tr\u00e8s violentes, sauf en de rares occasions, mais elles ont tendance \u00e0 persister plus d&rsquo;un ou deux jours. <\/p><p>Dans le deuxi\u00e8me cas, les vents associ\u00e9s \u00e0 la brise marine et donc \u00e0 composante d&rsquo;est ou de sud-est, sont un ph\u00e9nom\u00e8ne qui, en raison de sa r\u00e9currence et du moment le plus fr\u00e9quent o\u00f9 il se produit, nous accordera une attention particuli\u00e8re, car il nous pr\u00e9sente une s\u00e9rie de risques associ\u00e9s dont nous devons tenir compte notamment dans ce domaine.<\/p><p>La marinada est une brise venue de la mer et des zones c\u00f4ti\u00e8res proches (golfe de Roses, Costa Brava). Elle provoque d&rsquo;abord l&rsquo;entr\u00e9e du vent r\u00e9chauff\u00e9 de la plaine de l&rsquo;Empord\u00e0, provoquant une augmentation, parfois violente, de son intensit\u00e9. Progressivement, une intensit\u00e9 constante s&rsquo;installe, avec une forte humidit\u00e9 et une temp\u00e9rature basse, balayant tout le vent rencontr\u00e9, laissant place au vent humide et frais venant de la mer. <\/p><p>Cela donne lieu \u00e0 une entr\u00e9e des \u00e9l\u00e9vations inf\u00e9rieures vers les \u00e9l\u00e9vations sup\u00e9rieures, \u00e0 l&rsquo;oppos\u00e9 de celle occidentale.<\/p><p>Cet effet est important lorsqu\u2019on envisage des atterrissages dans des endroits compromis, car il est tr\u00e8s probable qu\u2019il n\u2019y ait pas de vent au niveau de vol et qu\u2019il y ait une brise aux niveaux d\u2019atterrissage au fond des vall\u00e9es.<\/p>\t\t\t\t\t\t\t\t<\/div>\n\t\t\t\t<\/div>\n\t\t<div class=\"elementor-element elementor-element-9a94b7d e-con-full e-flex e-con e-child\" data-id=\"9a94b7d\" data-element_type=\"container\" data-e-type=\"container\">\n\t\t\t\t<div class=\"elementor-element elementor-element-ec05c8f elementor-widget elementor-widget-heading\" data-id=\"ec05c8f\" data-element_type=\"widget\" data-e-type=\"widget\" data-widget_type=\"heading.default\">\n\t\t\t\t\t<h2 class=\"elementor-heading-title elementor-size-default\">OUEST<\/h2>\t\t\t\t<\/div>\n\t\t\t\t<div class=\"elementor-element elementor-element-4574a06 elementor-widget elementor-widget-text-editor\" data-id=\"4574a06\" data-element_type=\"widget\" data-e-type=\"widget\" data-widget_type=\"text-editor.default\">\n\t\t\t\t\t\t\t\t\t<p>En raison de l&rsquo;orographie du relief (vall\u00e9es orient\u00e9es nord-sud), le vent d&rsquo;ouest est peu favorable au vol libre.<\/p><p>Il faut garder \u00e0 l&rsquo;esprit que l&rsquo;entr\u00e9e de ce vent est g\u00e9n\u00e9ralement associ\u00e9e \u00e0 l&rsquo;entr\u00e9e d&rsquo;une d\u00e9pression ou d&rsquo;un front d&rsquo;instabilit\u00e9. Il p\u00e9n\u00e8tre g\u00e9n\u00e9ralement des hautes couches vers les basses couches, ce qui pr\u00e9sente un point de retard qui, face aux atterrissages, offre un point de s\u00e9curit\u00e9. On observe souvent des vents d&rsquo;ouest et leur entr\u00e9e au fond des vall\u00e9es est plus tardive. Cependant, cela peut entra\u00eener des situations tr\u00e8s dangereuses compte tenu de l&rsquo;orographie d\u00e9favorable et de la surchauffe du vent. <\/p><p><img loading=\"lazy\" decoding=\"async\" class=\"size-full wp-image-2358 aligncenter\" src=\"https:\/\/mapa.parapentcavallera.com\/wp-content\/uploads\/2025\/11\/O.png\" alt=\"\" width=\"270\" height=\"258\"><\/p>\t\t\t\t\t\t\t\t<\/div>\n\t\t\t\t<\/div>\n\t\t\t\t<\/div>\n\t\t\t\t<\/div>\n\t\t","protected":false},"excerpt":{"rendered":"<p>VENTS M\u00c9T\u00c9OROLOGIQUES. NORD Nous tiendrons compte du fait que cette composante du vent peut \u00eatre de diff\u00e9rentes intensit\u00e9s, ce qui en fait l&rsquo;une des composantes a\u00e9rologiques offrant le plus grand \u00e9ventail de possibilit\u00e9s, tant positives que n\u00e9gatives, lorsqu&rsquo;il s&rsquo;agit de la g\u00e9rer. Ce n&rsquo;est pas le cas, par exemple, du vent d&rsquo;ouest qui, outre la [&hellip;]<\/p>\n","protected":false},"author":1,"featured_media":0,"parent":0,"menu_order":0,"comment_status":"closed","ping_status":"closed","template":"","meta":{"footnotes":""},"class_list":["post-2205","page","type-page","status-publish","hentry"],"yoast_head":"<!-- This site is optimized with the Yoast SEO plugin v27.4 - https:\/\/yoast.com\/product\/yoast-seo-wordpress\/ -->\n<title>VENTS M\u00c9T\u00c9OROLOGIQUES. - Mapa Hike &amp; Fly<\/title>\n<meta name=\"robots\" content=\"index, follow, max-snippet:-1, max-image-preview:large, max-video-preview:-1\" \/>\n<link rel=\"canonical\" href=\"https:\/\/mapa.parapentcavallera.com\/fr\/vents-meteorologiques\/\" \/>\n<meta property=\"og:locale\" content=\"fr_FR\" \/>\n<meta property=\"og:type\" content=\"article\" \/>\n<meta property=\"og:title\" content=\"VENTS M\u00c9T\u00c9OROLOGIQUES. - Mapa Hike &amp; Fly\" \/>\n<meta property=\"og:description\" content=\"VENTS M\u00c9T\u00c9OROLOGIQUES. NORD Nous tiendrons compte du fait que cette composante du vent peut \u00eatre de diff\u00e9rentes intensit\u00e9s, ce qui en fait l&rsquo;une des composantes a\u00e9rologiques offrant le plus grand \u00e9ventail de possibilit\u00e9s, tant positives que n\u00e9gatives, lorsqu&rsquo;il s&rsquo;agit de la g\u00e9rer. Ce n&rsquo;est pas le cas, par exemple, du vent d&rsquo;ouest qui, outre la [&hellip;]\" \/>\n<meta property=\"og:url\" content=\"https:\/\/mapa.parapentcavallera.com\/fr\/vents-meteorologiques\/\" \/>\n<meta property=\"og:site_name\" content=\"Mapa Hike &amp; Fly\" \/>\n<meta property=\"article:publisher\" content=\"https:\/\/www.facebook.com\/parapentcavallera\" \/>\n<meta property=\"article:modified_time\" content=\"2025-11-26T17:53:03+00:00\" \/>\n<meta property=\"og:image\" content=\"https:\/\/mapa.parapentcavallera.com\/wp-content\/uploads\/2025\/11\/N.png\" \/>\n\t<meta property=\"og:image:width\" content=\"270\" \/>\n\t<meta property=\"og:image:height\" content=\"258\" \/>\n\t<meta property=\"og:image:type\" content=\"image\/png\" \/>\n<meta name=\"twitter:card\" content=\"summary_large_image\" \/>\n<meta name=\"twitter:label1\" content=\"Dur\u00e9e de lecture estim\u00e9e\" \/>\n\t<meta name=\"twitter:data1\" content=\"4 minutes\" \/>\n<script type=\"application\/ld+json\" class=\"yoast-schema-graph\">{\"@context\":\"https:\\\/\\\/schema.org\",\"@graph\":[{\"@type\":\"WebPage\",\"@id\":\"https:\\\/\\\/mapa.parapentcavallera.com\\\/fr\\\/vents-meteorologiques\\\/\",\"url\":\"https:\\\/\\\/mapa.parapentcavallera.com\\\/fr\\\/vents-meteorologiques\\\/\",\"name\":\"VENTS M\u00c9T\u00c9OROLOGIQUES. - Mapa Hike &amp; Fly\",\"isPartOf\":{\"@id\":\"http:\\\/\\\/mapa.parapentcavallera.com\\\/#website\"},\"primaryImageOfPage\":{\"@id\":\"https:\\\/\\\/mapa.parapentcavallera.com\\\/fr\\\/vents-meteorologiques\\\/#primaryimage\"},\"image\":{\"@id\":\"https:\\\/\\\/mapa.parapentcavallera.com\\\/fr\\\/vents-meteorologiques\\\/#primaryimage\"},\"thumbnailUrl\":\"https:\\\/\\\/mapa.parapentcavallera.com\\\/wp-content\\\/uploads\\\/2025\\\/11\\\/N.png\",\"datePublished\":\"2025-10-15T13:45:17+00:00\",\"dateModified\":\"2025-11-26T17:53:03+00:00\",\"breadcrumb\":{\"@id\":\"https:\\\/\\\/mapa.parapentcavallera.com\\\/fr\\\/vents-meteorologiques\\\/#breadcrumb\"},\"inLanguage\":\"fr-FR\",\"potentialAction\":[{\"@type\":\"ReadAction\",\"target\":[\"https:\\\/\\\/mapa.parapentcavallera.com\\\/fr\\\/vents-meteorologiques\\\/\"]}]},{\"@type\":\"ImageObject\",\"inLanguage\":\"fr-FR\",\"@id\":\"https:\\\/\\\/mapa.parapentcavallera.com\\\/fr\\\/vents-meteorologiques\\\/#primaryimage\",\"url\":\"https:\\\/\\\/mapa.parapentcavallera.com\\\/wp-content\\\/uploads\\\/2025\\\/11\\\/N.png\",\"contentUrl\":\"https:\\\/\\\/mapa.parapentcavallera.com\\\/wp-content\\\/uploads\\\/2025\\\/11\\\/N.png\"},{\"@type\":\"BreadcrumbList\",\"@id\":\"https:\\\/\\\/mapa.parapentcavallera.com\\\/fr\\\/vents-meteorologiques\\\/#breadcrumb\",\"itemListElement\":[{\"@type\":\"ListItem\",\"position\":1,\"name\":\"Portada\",\"item\":\"https:\\\/\\\/mapa.parapentcavallera.com\\\/fr\\\/maison\\\/\"},{\"@type\":\"ListItem\",\"position\":2,\"name\":\"VENTS M\u00c9T\u00c9OROLOGIQUES.\"}]},{\"@type\":\"WebSite\",\"@id\":\"http:\\\/\\\/mapa.parapentcavallera.com\\\/#website\",\"url\":\"http:\\\/\\\/mapa.parapentcavallera.com\\\/\",\"name\":\"Mapa Hike &amp; Fly\",\"description\":\"Mapa de Hike &amp; Fly del Ripoll\u00e8s\",\"publisher\":{\"@id\":\"http:\\\/\\\/mapa.parapentcavallera.com\\\/#organization\"},\"potentialAction\":[{\"@type\":\"SearchAction\",\"target\":{\"@type\":\"EntryPoint\",\"urlTemplate\":\"http:\\\/\\\/mapa.parapentcavallera.com\\\/?s={search_term_string}\"},\"query-input\":{\"@type\":\"PropertyValueSpecification\",\"valueRequired\":true,\"valueName\":\"search_term_string\"}}],\"inLanguage\":\"fr-FR\"},{\"@type\":\"Organization\",\"@id\":\"http:\\\/\\\/mapa.parapentcavallera.com\\\/#organization\",\"name\":\"Mapa Hike &amp; Fly\",\"url\":\"http:\\\/\\\/mapa.parapentcavallera.com\\\/\",\"logo\":{\"@type\":\"ImageObject\",\"inLanguage\":\"fr-FR\",\"@id\":\"http:\\\/\\\/mapa.parapentcavallera.com\\\/#\\\/schema\\\/logo\\\/image\\\/\",\"url\":\"https:\\\/\\\/mapa.parapentcavallera.com\\\/wp-content\\\/uploads\\\/2021\\\/11\\\/logoCavalleragran.jpg\",\"contentUrl\":\"https:\\\/\\\/mapa.parapentcavallera.com\\\/wp-content\\\/uploads\\\/2021\\\/11\\\/logoCavalleragran.jpg\",\"width\":992,\"height\":368,\"caption\":\"Mapa Hike &amp; Fly\"},\"image\":{\"@id\":\"http:\\\/\\\/mapa.parapentcavallera.com\\\/#\\\/schema\\\/logo\\\/image\\\/\"},\"sameAs\":[\"https:\\\/\\\/www.facebook.com\\\/parapentcavallera\",\"https:\\\/\\\/www.instagram.com\\\/serracavalleraparapent\\\/\"]}]}<\/script>\n<!-- \/ Yoast SEO plugin. -->","yoast_head_json":{"title":"VENTS M\u00c9T\u00c9OROLOGIQUES. - Mapa Hike &amp; Fly","robots":{"index":"index","follow":"follow","max-snippet":"max-snippet:-1","max-image-preview":"max-image-preview:large","max-video-preview":"max-video-preview:-1"},"canonical":"https:\/\/mapa.parapentcavallera.com\/fr\/vents-meteorologiques\/","og_locale":"fr_FR","og_type":"article","og_title":"VENTS M\u00c9T\u00c9OROLOGIQUES. - Mapa Hike &amp; Fly","og_description":"VENTS M\u00c9T\u00c9OROLOGIQUES. NORD Nous tiendrons compte du fait que cette composante du vent peut \u00eatre de diff\u00e9rentes intensit\u00e9s, ce qui en fait l&rsquo;une des composantes a\u00e9rologiques offrant le plus grand \u00e9ventail de possibilit\u00e9s, tant positives que n\u00e9gatives, lorsqu&rsquo;il s&rsquo;agit de la g\u00e9rer. Ce n&rsquo;est pas le cas, par exemple, du vent d&rsquo;ouest qui, outre la [&hellip;]","og_url":"https:\/\/mapa.parapentcavallera.com\/fr\/vents-meteorologiques\/","og_site_name":"Mapa Hike &amp; Fly","article_publisher":"https:\/\/www.facebook.com\/parapentcavallera","article_modified_time":"2025-11-26T17:53:03+00:00","og_image":[{"width":270,"height":258,"url":"https:\/\/mapa.parapentcavallera.com\/wp-content\/uploads\/2025\/11\/N.png","type":"image\/png"}],"twitter_card":"summary_large_image","twitter_misc":{"Dur\u00e9e de lecture estim\u00e9e":"4 minutes"},"schema":{"@context":"https:\/\/schema.org","@graph":[{"@type":"WebPage","@id":"https:\/\/mapa.parapentcavallera.com\/fr\/vents-meteorologiques\/","url":"https:\/\/mapa.parapentcavallera.com\/fr\/vents-meteorologiques\/","name":"VENTS M\u00c9T\u00c9OROLOGIQUES. - Mapa Hike &amp; Fly","isPartOf":{"@id":"http:\/\/mapa.parapentcavallera.com\/#website"},"primaryImageOfPage":{"@id":"https:\/\/mapa.parapentcavallera.com\/fr\/vents-meteorologiques\/#primaryimage"},"image":{"@id":"https:\/\/mapa.parapentcavallera.com\/fr\/vents-meteorologiques\/#primaryimage"},"thumbnailUrl":"https:\/\/mapa.parapentcavallera.com\/wp-content\/uploads\/2025\/11\/N.png","datePublished":"2025-10-15T13:45:17+00:00","dateModified":"2025-11-26T17:53:03+00:00","breadcrumb":{"@id":"https:\/\/mapa.parapentcavallera.com\/fr\/vents-meteorologiques\/#breadcrumb"},"inLanguage":"fr-FR","potentialAction":[{"@type":"ReadAction","target":["https:\/\/mapa.parapentcavallera.com\/fr\/vents-meteorologiques\/"]}]},{"@type":"ImageObject","inLanguage":"fr-FR","@id":"https:\/\/mapa.parapentcavallera.com\/fr\/vents-meteorologiques\/#primaryimage","url":"https:\/\/mapa.parapentcavallera.com\/wp-content\/uploads\/2025\/11\/N.png","contentUrl":"https:\/\/mapa.parapentcavallera.com\/wp-content\/uploads\/2025\/11\/N.png"},{"@type":"BreadcrumbList","@id":"https:\/\/mapa.parapentcavallera.com\/fr\/vents-meteorologiques\/#breadcrumb","itemListElement":[{"@type":"ListItem","position":1,"name":"Portada","item":"https:\/\/mapa.parapentcavallera.com\/fr\/maison\/"},{"@type":"ListItem","position":2,"name":"VENTS M\u00c9T\u00c9OROLOGIQUES."}]},{"@type":"WebSite","@id":"http:\/\/mapa.parapentcavallera.com\/#website","url":"http:\/\/mapa.parapentcavallera.com\/","name":"Mapa Hike &amp; Fly","description":"Mapa de Hike &amp; Fly del Ripoll\u00e8s","publisher":{"@id":"http:\/\/mapa.parapentcavallera.com\/#organization"},"potentialAction":[{"@type":"SearchAction","target":{"@type":"EntryPoint","urlTemplate":"http:\/\/mapa.parapentcavallera.com\/?s={search_term_string}"},"query-input":{"@type":"PropertyValueSpecification","valueRequired":true,"valueName":"search_term_string"}}],"inLanguage":"fr-FR"},{"@type":"Organization","@id":"http:\/\/mapa.parapentcavallera.com\/#organization","name":"Mapa Hike &amp; Fly","url":"http:\/\/mapa.parapentcavallera.com\/","logo":{"@type":"ImageObject","inLanguage":"fr-FR","@id":"http:\/\/mapa.parapentcavallera.com\/#\/schema\/logo\/image\/","url":"https:\/\/mapa.parapentcavallera.com\/wp-content\/uploads\/2021\/11\/logoCavalleragran.jpg","contentUrl":"https:\/\/mapa.parapentcavallera.com\/wp-content\/uploads\/2021\/11\/logoCavalleragran.jpg","width":992,"height":368,"caption":"Mapa Hike &amp; Fly"},"image":{"@id":"http:\/\/mapa.parapentcavallera.com\/#\/schema\/logo\/image\/"},"sameAs":["https:\/\/www.facebook.com\/parapentcavallera","https:\/\/www.instagram.com\/serracavalleraparapent\/"]}]}},"_links":{"self":[{"href":"https:\/\/mapa.parapentcavallera.com\/fr\/wp-json\/wp\/v2\/pages\/2205","targetHints":{"allow":["GET"]}}],"collection":[{"href":"https:\/\/mapa.parapentcavallera.com\/fr\/wp-json\/wp\/v2\/pages"}],"about":[{"href":"https:\/\/mapa.parapentcavallera.com\/fr\/wp-json\/wp\/v2\/types\/page"}],"author":[{"embeddable":true,"href":"https:\/\/mapa.parapentcavallera.com\/fr\/wp-json\/wp\/v2\/users\/1"}],"replies":[{"embeddable":true,"href":"https:\/\/mapa.parapentcavallera.com\/fr\/wp-json\/wp\/v2\/comments?post=2205"}],"version-history":[{"count":2,"href":"https:\/\/mapa.parapentcavallera.com\/fr\/wp-json\/wp\/v2\/pages\/2205\/revisions"}],"predecessor-version":[{"id":2375,"href":"https:\/\/mapa.parapentcavallera.com\/fr\/wp-json\/wp\/v2\/pages\/2205\/revisions\/2375"}],"wp:attachment":[{"href":"https:\/\/mapa.parapentcavallera.com\/fr\/wp-json\/wp\/v2\/media?parent=2205"}],"curies":[{"name":"wp","href":"https:\/\/api.w.org\/{rel}","templated":true}]}}