{"id":2049,"date":"2025-10-15T13:41:24","date_gmt":"2025-10-15T13:41:24","guid":{"rendered":"https:\/\/mapa.parapentcavallera.com\/caracteristiques-de-la-zone\/"},"modified":"2025-12-17T08:26:19","modified_gmt":"2025-12-17T08:26:19","slug":"caracteristiques-de-la-zone","status":"publish","type":"page","link":"https:\/\/mapa.parapentcavallera.com\/fr\/caracteristiques-de-la-zone\/","title":{"rendered":"Caract\u00e9ristiques de la zone"},"content":{"rendered":"\t\t<div data-elementor-type=\"wp-page\" data-elementor-id=\"2049\" class=\"elementor elementor-2049 elementor-1747\" data-elementor-post-type=\"page\">\n\t\t\t\t<div class=\"elementor-element elementor-element-7770175 e-flex e-con-boxed e-con e-parent\" data-id=\"7770175\" data-element_type=\"container\" data-e-type=\"container\" data-settings=\"{&quot;background_background&quot;:&quot;classic&quot;}\">\n\t\t\t\t\t<div class=\"e-con-inner\">\n\t\t\t\t<div class=\"elementor-element elementor-element-48b05ea elementor-widget elementor-widget-heading\" data-id=\"48b05ea\" data-element_type=\"widget\" data-e-type=\"widget\" data-widget_type=\"heading.default\">\n\t\t\t\t\t<h2 class=\"elementor-heading-title elementor-size-default\">CARACT\u00c9RISTIQUES DE LA ZONE<\/h2>\t\t\t\t<\/div>\n\t\t\t\t<div class=\"elementor-element elementor-element-cd09519 elementor-widget elementor-widget-text-editor\" data-id=\"cd09519\" data-element_type=\"widget\" data-e-type=\"widget\" data-widget_type=\"text-editor.default\">\n\t\t\t\t\t\t\t\t\t<p>La r\u00e9gion du Ripoll\u00e8s est situ\u00e9e dans la zone orientale des Pyr\u00e9n\u00e9es, \u00e0 cheval entre la plaine de la Cerdagne et la zone de l&rsquo;Empord\u00e0 o\u00f9 elle borde la mer.<\/p>\t\t\t\t\t\t\t\t<\/div>\n\t\t\t\t\t<\/div>\n\t\t\t\t<\/div>\n\t\t<div class=\"elementor-element elementor-element-9155606 e-flex e-con-boxed e-con e-parent\" data-id=\"9155606\" data-element_type=\"container\" data-e-type=\"container\" data-settings=\"{&quot;background_background&quot;:&quot;classic&quot;}\">\n\t\t\t\t\t<div class=\"e-con-inner\">\n\t\t\t\t<div class=\"elementor-element elementor-element-0c79f95 elementor-widget elementor-widget-spacer\" data-id=\"0c79f95\" data-element_type=\"widget\" data-e-type=\"widget\" data-widget_type=\"spacer.default\">\n\t\t\t\t\t\t\t<div class=\"elementor-spacer\">\n\t\t\t<div class=\"elementor-spacer-inner\"><\/div>\n\t\t<\/div>\n\t\t\t\t\t\t<\/div>\n\t\t\t\t<div class=\"elementor-element elementor-element-d8d15ba elementor-widget elementor-widget-heading\" data-id=\"d8d15ba\" data-element_type=\"widget\" data-e-type=\"widget\" data-widget_type=\"heading.default\">\n\t\t\t\t\t<h2 class=\"elementor-heading-title elementor-size-default\">La r\u00e9gion :<\/h2>\t\t\t\t<\/div>\n\t\t\t\t<div class=\"elementor-element elementor-element-b2ec6b3 elementor-widget elementor-widget-text-editor\" data-id=\"b2ec6b3\" data-element_type=\"widget\" data-e-type=\"widget\" data-widget_type=\"text-editor.default\">\n\t\t\t\t\t\t\t\t\t<div class=\"flex_column av-38zxb0-b6111b77c6f8b94478644f4bbd44494e av_one_half avia-builder-el-4 el_before_av_one_half avia-builder-el-first first flex_column_div av-zero-column-padding \"><p>Nous pourrions diviser fondamentalement la zone en deux zones, la zone foresti\u00e8re de moyenne montagne qui constitue la plus grande partie de la r\u00e9gion, entre des altitudes de 600 m et 1700 m, et la zone de haute montagne qui s&rsquo;\u00e9tendrait entre des altitudes de 1700 m et 2900 m, dont nous pourrions dire qu&rsquo;elle est la zone la plus favorable \u00e0 la pratique du vol libre, \u00e0 la fois en raison de la facilit\u00e9 de trouver des d\u00e9collages et en raison des conditions a\u00e9rologiques.<\/p><section class=\"av_textblock_section av-2l7nos-6a8b853f204fcca77216971b0336bc98 \"><div class=\"avia_textblock\"><p>Ces deux zones sont, dans des conditions m\u00e9t\u00e9orologiques stables, sous le r\u00e9gime des brises topographiques ou locales, c&rsquo;est-\u00e0-dire que l&rsquo;insolation du soleil sur les versants sud-est, sud et sud-ouest affecte le relief et g\u00e9n\u00e8re un r\u00e9gime de brises de vall\u00e9e le suivant en direction ascendante vers les points hauts. Cette dynamique, cependant, \u00e9volue et s&rsquo;adapte aux variations de vent et aux conditions m\u00e9t\u00e9orologiques diff\u00e9rentes de celles mentionn\u00e9es, ce qui engendre des effets qu&rsquo;il faut prendre en compte lors de la pratique du parapente. Sur ce site web, nous mentionnons les plus fr\u00e9quents afin de minimiser les risques. <\/p><\/div><\/section><\/div><div class=\"flex_column av-13cfyk-db009662466e6ab1fbdf5a5c5cb486e5 av_one_half avia-builder-el-8 el_after_av_one_half avia-builder-el-last flex_column_div avia-full-contain \"><section class=\"av_textblock_section av-kwdubkm8-ac800f93e3f291c0858566d83ea2708f \"><div class=\"avia_textblock\"><p>L\u2019un des aspects les plus importants \u00e0 prendre en compte dans ce domaine est l\u2019importance des pr\u00e9visions m\u00e9t\u00e9orologiques les jours de forte instabilit\u00e9, en particulier en \u00e9t\u00e9 et au printemps o\u00f9 la capacit\u00e9 de l\u2019orographie \u00e0 g\u00e9n\u00e9rer des nuages \u200b\u200b\u00e0 grande capacit\u00e9 convective est tr\u00e8s \u00e9lev\u00e9e. Il n&rsquo;est pas n\u00e9cessaire de rappeler qu&rsquo;\u00e9tant une r\u00e9gion essentiellement montagneuse, l&rsquo;impact de l&rsquo;un de ces noyaux convectifs affectera pratiquement toute la zone des vall\u00e9es et des confluences qui la relient, en accordant une attention particuli\u00e8re au d\u00e9veloppement de nuages \u200b\u200bles jours pr\u00e9sentant ces caract\u00e9ristiques. <\/p><blockquote><p><strong>Tous ces aspects sont le r\u00e9sultat d&rsquo;une observation purement empirique et toujours dans le but d&rsquo;aider \u00e0 interpr\u00e9ter la journ\u00e9e, ce ne sont PAS des observations scientifiques et une bonne pr\u00e9vision m\u00e9t\u00e9orologique et une interpr\u00e9tation de la journ\u00e9e \u00e0 venir pr\u00e9vaudront toujours.<\/strong><\/p><\/blockquote><\/div><\/section><\/div>\t\t\t\t\t\t\t\t<\/div>\n\t\t\t\t\t<\/div>\n\t\t\t\t<\/div>\n\t\t\t\t<\/div>\n\t\t","protected":false},"excerpt":{"rendered":"<p>CARACT\u00c9RISTIQUES DE LA ZONE La r\u00e9gion du Ripoll\u00e8s est situ\u00e9e dans la zone orientale des Pyr\u00e9n\u00e9es, \u00e0 cheval entre la plaine de la Cerdagne et la zone de l&rsquo;Empord\u00e0 o\u00f9 elle borde la mer. La r\u00e9gion : Nous pourrions diviser fondamentalement la zone en deux zones, la zone foresti\u00e8re de moyenne montagne qui constitue la [&hellip;]<\/p>\n","protected":false},"author":1,"featured_media":0,"parent":0,"menu_order":0,"comment_status":"closed","ping_status":"closed","template":"","meta":{"footnotes":""},"class_list":["post-2049","page","type-page","status-publish","hentry"],"yoast_head":"<!-- This site is optimized with the Yoast SEO plugin v27.4 - https:\/\/yoast.com\/product\/yoast-seo-wordpress\/ -->\n<title>Caract\u00e9ristiques de la zone - Mapa Hike &amp; Fly<\/title>\n<meta name=\"robots\" content=\"index, follow, max-snippet:-1, max-image-preview:large, max-video-preview:-1\" \/>\n<link rel=\"canonical\" href=\"https:\/\/mapa.parapentcavallera.com\/fr\/caracteristiques-de-la-zone\/\" \/>\n<meta property=\"og:locale\" content=\"fr_FR\" \/>\n<meta property=\"og:type\" content=\"article\" \/>\n<meta property=\"og:title\" content=\"Caract\u00e9ristiques de la zone - Mapa Hike &amp; Fly\" \/>\n<meta property=\"og:description\" content=\"CARACT\u00c9RISTIQUES DE LA ZONE La r\u00e9gion du Ripoll\u00e8s est situ\u00e9e dans la zone orientale des Pyr\u00e9n\u00e9es, \u00e0 cheval entre la plaine de la Cerdagne et la zone de l&rsquo;Empord\u00e0 o\u00f9 elle borde la mer. La r\u00e9gion : Nous pourrions diviser fondamentalement la zone en deux zones, la zone foresti\u00e8re de moyenne montagne qui constitue la [&hellip;]\" \/>\n<meta property=\"og:url\" content=\"https:\/\/mapa.parapentcavallera.com\/fr\/caracteristiques-de-la-zone\/\" \/>\n<meta property=\"og:site_name\" content=\"Mapa Hike &amp; Fly\" \/>\n<meta property=\"article:publisher\" content=\"https:\/\/www.facebook.com\/parapentcavallera\" \/>\n<meta property=\"article:modified_time\" content=\"2025-12-17T08:26:19+00:00\" \/>\n<meta name=\"twitter:card\" content=\"summary_large_image\" \/>\n<meta name=\"twitter:label1\" content=\"Dur\u00e9e de lecture estim\u00e9e\" \/>\n\t<meta name=\"twitter:data1\" content=\"2 minutes\" \/>\n<script type=\"application\/ld+json\" class=\"yoast-schema-graph\">{\"@context\":\"https:\\\/\\\/schema.org\",\"@graph\":[{\"@type\":\"WebPage\",\"@id\":\"https:\\\/\\\/mapa.parapentcavallera.com\\\/fr\\\/caracteristiques-de-la-zone\\\/\",\"url\":\"https:\\\/\\\/mapa.parapentcavallera.com\\\/fr\\\/caracteristiques-de-la-zone\\\/\",\"name\":\"Caract\u00e9ristiques de la zone - Mapa Hike &amp; Fly\",\"isPartOf\":{\"@id\":\"http:\\\/\\\/mapa.parapentcavallera.com\\\/#website\"},\"datePublished\":\"2025-10-15T13:41:24+00:00\",\"dateModified\":\"2025-12-17T08:26:19+00:00\",\"breadcrumb\":{\"@id\":\"https:\\\/\\\/mapa.parapentcavallera.com\\\/fr\\\/caracteristiques-de-la-zone\\\/#breadcrumb\"},\"inLanguage\":\"fr-FR\",\"potentialAction\":[{\"@type\":\"ReadAction\",\"target\":[\"https:\\\/\\\/mapa.parapentcavallera.com\\\/fr\\\/caracteristiques-de-la-zone\\\/\"]}]},{\"@type\":\"BreadcrumbList\",\"@id\":\"https:\\\/\\\/mapa.parapentcavallera.com\\\/fr\\\/caracteristiques-de-la-zone\\\/#breadcrumb\",\"itemListElement\":[{\"@type\":\"ListItem\",\"position\":1,\"name\":\"Portada\",\"item\":\"https:\\\/\\\/mapa.parapentcavallera.com\\\/fr\\\/maison\\\/\"},{\"@type\":\"ListItem\",\"position\":2,\"name\":\"Caract\u00e9ristiques de la zone\"}]},{\"@type\":\"WebSite\",\"@id\":\"http:\\\/\\\/mapa.parapentcavallera.com\\\/#website\",\"url\":\"http:\\\/\\\/mapa.parapentcavallera.com\\\/\",\"name\":\"Mapa Hike &amp; Fly\",\"description\":\"Mapa de Hike &amp; Fly del Ripoll\u00e8s\",\"publisher\":{\"@id\":\"http:\\\/\\\/mapa.parapentcavallera.com\\\/#organization\"},\"potentialAction\":[{\"@type\":\"SearchAction\",\"target\":{\"@type\":\"EntryPoint\",\"urlTemplate\":\"http:\\\/\\\/mapa.parapentcavallera.com\\\/?s={search_term_string}\"},\"query-input\":{\"@type\":\"PropertyValueSpecification\",\"valueRequired\":true,\"valueName\":\"search_term_string\"}}],\"inLanguage\":\"fr-FR\"},{\"@type\":\"Organization\",\"@id\":\"http:\\\/\\\/mapa.parapentcavallera.com\\\/#organization\",\"name\":\"Mapa Hike &amp; Fly\",\"url\":\"http:\\\/\\\/mapa.parapentcavallera.com\\\/\",\"logo\":{\"@type\":\"ImageObject\",\"inLanguage\":\"fr-FR\",\"@id\":\"http:\\\/\\\/mapa.parapentcavallera.com\\\/#\\\/schema\\\/logo\\\/image\\\/\",\"url\":\"https:\\\/\\\/mapa.parapentcavallera.com\\\/wp-content\\\/uploads\\\/2021\\\/11\\\/logoCavalleragran.jpg\",\"contentUrl\":\"https:\\\/\\\/mapa.parapentcavallera.com\\\/wp-content\\\/uploads\\\/2021\\\/11\\\/logoCavalleragran.jpg\",\"width\":992,\"height\":368,\"caption\":\"Mapa Hike &amp; Fly\"},\"image\":{\"@id\":\"http:\\\/\\\/mapa.parapentcavallera.com\\\/#\\\/schema\\\/logo\\\/image\\\/\"},\"sameAs\":[\"https:\\\/\\\/www.facebook.com\\\/parapentcavallera\",\"https:\\\/\\\/www.instagram.com\\\/serracavalleraparapent\\\/\"]}]}<\/script>\n<!-- \/ Yoast SEO plugin. -->","yoast_head_json":{"title":"Caract\u00e9ristiques de la zone - Mapa Hike &amp; Fly","robots":{"index":"index","follow":"follow","max-snippet":"max-snippet:-1","max-image-preview":"max-image-preview:large","max-video-preview":"max-video-preview:-1"},"canonical":"https:\/\/mapa.parapentcavallera.com\/fr\/caracteristiques-de-la-zone\/","og_locale":"fr_FR","og_type":"article","og_title":"Caract\u00e9ristiques de la zone - Mapa Hike &amp; Fly","og_description":"CARACT\u00c9RISTIQUES DE LA ZONE La r\u00e9gion du Ripoll\u00e8s est situ\u00e9e dans la zone orientale des Pyr\u00e9n\u00e9es, \u00e0 cheval entre la plaine de la Cerdagne et la zone de l&rsquo;Empord\u00e0 o\u00f9 elle borde la mer. La r\u00e9gion : Nous pourrions diviser fondamentalement la zone en deux zones, la zone foresti\u00e8re de moyenne montagne qui constitue la [&hellip;]","og_url":"https:\/\/mapa.parapentcavallera.com\/fr\/caracteristiques-de-la-zone\/","og_site_name":"Mapa Hike &amp; Fly","article_publisher":"https:\/\/www.facebook.com\/parapentcavallera","article_modified_time":"2025-12-17T08:26:19+00:00","twitter_card":"summary_large_image","twitter_misc":{"Dur\u00e9e de lecture estim\u00e9e":"2 minutes"},"schema":{"@context":"https:\/\/schema.org","@graph":[{"@type":"WebPage","@id":"https:\/\/mapa.parapentcavallera.com\/fr\/caracteristiques-de-la-zone\/","url":"https:\/\/mapa.parapentcavallera.com\/fr\/caracteristiques-de-la-zone\/","name":"Caract\u00e9ristiques de la zone - Mapa Hike &amp; Fly","isPartOf":{"@id":"http:\/\/mapa.parapentcavallera.com\/#website"},"datePublished":"2025-10-15T13:41:24+00:00","dateModified":"2025-12-17T08:26:19+00:00","breadcrumb":{"@id":"https:\/\/mapa.parapentcavallera.com\/fr\/caracteristiques-de-la-zone\/#breadcrumb"},"inLanguage":"fr-FR","potentialAction":[{"@type":"ReadAction","target":["https:\/\/mapa.parapentcavallera.com\/fr\/caracteristiques-de-la-zone\/"]}]},{"@type":"BreadcrumbList","@id":"https:\/\/mapa.parapentcavallera.com\/fr\/caracteristiques-de-la-zone\/#breadcrumb","itemListElement":[{"@type":"ListItem","position":1,"name":"Portada","item":"https:\/\/mapa.parapentcavallera.com\/fr\/maison\/"},{"@type":"ListItem","position":2,"name":"Caract\u00e9ristiques de la zone"}]},{"@type":"WebSite","@id":"http:\/\/mapa.parapentcavallera.com\/#website","url":"http:\/\/mapa.parapentcavallera.com\/","name":"Mapa Hike &amp; Fly","description":"Mapa de Hike &amp; Fly del Ripoll\u00e8s","publisher":{"@id":"http:\/\/mapa.parapentcavallera.com\/#organization"},"potentialAction":[{"@type":"SearchAction","target":{"@type":"EntryPoint","urlTemplate":"http:\/\/mapa.parapentcavallera.com\/?s={search_term_string}"},"query-input":{"@type":"PropertyValueSpecification","valueRequired":true,"valueName":"search_term_string"}}],"inLanguage":"fr-FR"},{"@type":"Organization","@id":"http:\/\/mapa.parapentcavallera.com\/#organization","name":"Mapa Hike &amp; Fly","url":"http:\/\/mapa.parapentcavallera.com\/","logo":{"@type":"ImageObject","inLanguage":"fr-FR","@id":"http:\/\/mapa.parapentcavallera.com\/#\/schema\/logo\/image\/","url":"https:\/\/mapa.parapentcavallera.com\/wp-content\/uploads\/2021\/11\/logoCavalleragran.jpg","contentUrl":"https:\/\/mapa.parapentcavallera.com\/wp-content\/uploads\/2021\/11\/logoCavalleragran.jpg","width":992,"height":368,"caption":"Mapa Hike &amp; Fly"},"image":{"@id":"http:\/\/mapa.parapentcavallera.com\/#\/schema\/logo\/image\/"},"sameAs":["https:\/\/www.facebook.com\/parapentcavallera","https:\/\/www.instagram.com\/serracavalleraparapent\/"]}]}},"_links":{"self":[{"href":"https:\/\/mapa.parapentcavallera.com\/fr\/wp-json\/wp\/v2\/pages\/2049","targetHints":{"allow":["GET"]}}],"collection":[{"href":"https:\/\/mapa.parapentcavallera.com\/fr\/wp-json\/wp\/v2\/pages"}],"about":[{"href":"https:\/\/mapa.parapentcavallera.com\/fr\/wp-json\/wp\/v2\/types\/page"}],"author":[{"embeddable":true,"href":"https:\/\/mapa.parapentcavallera.com\/fr\/wp-json\/wp\/v2\/users\/1"}],"replies":[{"embeddable":true,"href":"https:\/\/mapa.parapentcavallera.com\/fr\/wp-json\/wp\/v2\/comments?post=2049"}],"version-history":[{"count":2,"href":"https:\/\/mapa.parapentcavallera.com\/fr\/wp-json\/wp\/v2\/pages\/2049\/revisions"}],"predecessor-version":[{"id":2423,"href":"https:\/\/mapa.parapentcavallera.com\/fr\/wp-json\/wp\/v2\/pages\/2049\/revisions\/2423"}],"wp:attachment":[{"href":"https:\/\/mapa.parapentcavallera.com\/fr\/wp-json\/wp\/v2\/media?parent=2049"}],"curies":[{"name":"wp","href":"https:\/\/api.w.org\/{rel}","templated":true}]}}