{"id":2051,"date":"2025-10-15T13:41:24","date_gmt":"2025-10-15T13:41:24","guid":{"rendered":"https:\/\/mapa.parapentcavallera.com\/caracteristicas-de-la-zona\/"},"modified":"2025-12-17T08:26:29","modified_gmt":"2025-12-17T08:26:29","slug":"caracteristicas-de-la-zona","status":"publish","type":"page","link":"https:\/\/mapa.parapentcavallera.com\/es\/caracteristicas-de-la-zona\/","title":{"rendered":"CARACTER\u00cdSTICAS DE LA ZONA"},"content":{"rendered":"\t\t<div data-elementor-type=\"wp-page\" data-elementor-id=\"2051\" class=\"elementor elementor-2051 elementor-1747\" data-elementor-post-type=\"page\">\n\t\t\t\t<div class=\"elementor-element elementor-element-7770175 e-flex e-con-boxed e-con e-parent\" data-id=\"7770175\" data-element_type=\"container\" data-e-type=\"container\" data-settings=\"{&quot;background_background&quot;:&quot;classic&quot;}\">\n\t\t\t\t\t<div class=\"e-con-inner\">\n\t\t\t\t<div class=\"elementor-element elementor-element-48b05ea elementor-widget elementor-widget-heading\" data-id=\"48b05ea\" data-element_type=\"widget\" data-e-type=\"widget\" data-widget_type=\"heading.default\">\n\t\t\t\t\t<h2 class=\"elementor-heading-title elementor-size-default\">CARACTER\u00cdSTICAS DE LA ZONA<\/h2>\t\t\t\t<\/div>\n\t\t\t\t<div class=\"elementor-element elementor-element-cd09519 elementor-widget elementor-widget-text-editor\" data-id=\"cd09519\" data-element_type=\"widget\" data-e-type=\"widget\" data-widget_type=\"text-editor.default\">\n\t\t\t\t\t\t\t\t\t<p>La comarca del Ripoll\u00e8s se encuentra en la zona de Pirineo oriental a caballo entre la llanura de la Cerdanya y la zona del Empord\u00e0 donde \u00e9ste delimita con el mar.<\/p>\t\t\t\t\t\t\t\t<\/div>\n\t\t\t\t\t<\/div>\n\t\t\t\t<\/div>\n\t\t<div class=\"elementor-element elementor-element-9155606 e-flex e-con-boxed e-con e-parent\" data-id=\"9155606\" data-element_type=\"container\" data-e-type=\"container\" data-settings=\"{&quot;background_background&quot;:&quot;classic&quot;}\">\n\t\t\t\t\t<div class=\"e-con-inner\">\n\t\t\t\t<div class=\"elementor-element elementor-element-0c79f95 elementor-widget elementor-widget-spacer\" data-id=\"0c79f95\" data-element_type=\"widget\" data-e-type=\"widget\" data-widget_type=\"spacer.default\">\n\t\t\t\t\t\t\t<div class=\"elementor-spacer\">\n\t\t\t<div class=\"elementor-spacer-inner\"><\/div>\n\t\t<\/div>\n\t\t\t\t\t\t<\/div>\n\t\t\t\t<div class=\"elementor-element elementor-element-d8d15ba elementor-widget elementor-widget-heading\" data-id=\"d8d15ba\" data-element_type=\"widget\" data-e-type=\"widget\" data-widget_type=\"heading.default\">\n\t\t\t\t\t<h2 class=\"elementor-heading-title elementor-size-default\">La comarca:<\/h2>\t\t\t\t<\/div>\n\t\t\t\t<div class=\"elementor-element elementor-element-b2ec6b3 elementor-widget elementor-widget-text-editor\" data-id=\"b2ec6b3\" data-element_type=\"widget\" data-e-type=\"widget\" data-widget_type=\"text-editor.default\">\n\t\t\t\t\t\t\t\t\t<div class=\"flex_column av-38zxb0-b6111b77c6f8b94478644f4bbd44494e av_one_half avia-builder-el-4 el_before_av_one_half avia-builder-el-first first flex_column_div av-zero-column-padding \"><p>La zona la podr\u00edamos dividir b\u00e1sicamente en dos \u00e1reas, la zona boscosa de media monta\u00f1a que conforma la parte m\u00e1s grande de la comarca, comprendida entre las cotas de 600m y 1700m, y la zona de alta monta\u00f1a que ir\u00eda de las cotas de 1700m a 2900m, que podr\u00edamos decir que es la zona m\u00e1s favorable a la pr\u00e1ctica del mismo.<\/p><section class=\"av_textblock_section av-2l7nos-6a8b853f204fcca77216971b0336bc98 \"><div class=\"avia_textblock\"><p>Estas dos zonas est\u00e1n, en condiciones de meteorolog\u00eda estable, bajo el r\u00e9gimen de brisas topogr\u00e1ficas o locales, es decir, la insolaci\u00f3n del sol en las vertientes sureste, sur y suroeste incide sobre el relieve y genera un r\u00e9gimen de brisas de valle sigui\u00e9ndolo en direcci\u00f3n ascendente hacia los puntos altos. Sin embargo, esta din\u00e1mica cambia y se adapta a los cambios de entradas de vientos y situaciones meteorol\u00f3gicas diferentes a las mencionadas, dando a lugar efectos que hay que tener presentes para la pr\u00e1ctica de parapente, en esta web mencionamos los m\u00e1s frecuentes para minimizar los riesgos. <\/p><\/div><\/section><\/div><div class=\"flex_column av-13cfyk-db009662466e6ab1fbdf5a5c5cb486e5 av_one_half avia-builder-el-8 el_after_av_one_half avia-builder-el-last flex_column_div avia-full-contain \"><section class=\"av_textblock_section av-kwdubkm8-ac800f93e3f291c0858566d83ea2708f \"><div class=\"avia_textblock\"><p>Uno de los aspectos m\u00e1s importantes a tener en cuenta en esta zona es la importancia de la previsi\u00f3n meteorol\u00f3gica en d\u00edas de alta inestabilidad, especialmente en \u00e9pocas estivales y primavera donde la capacidad de la orograf\u00eda de generar nubes de gran capacidad convectiva es muy alta. No hace falta recordar que al ser una comarca b\u00e1sicamente monta\u00f1osa, la afectaci\u00f3n de uno de estos n\u00facleos convectivos afectar\u00e1 a pr\u00e1cticamente toda la zona de valles y confluencias que conectan \u00e9sta, prestando especial atenci\u00f3n en el desarrollo de nubes en d\u00edas con estas caracter\u00edsticas. <\/p><blockquote><p><strong>Todos estos aspectos son fruto de una observaci\u00f3n puramente emp\u00edrica y siempre con \u00e1nimo de ayudar a la interpretaci\u00f3n del d\u00eda, NO son observaciones cient\u00edficas y siempre prevalecer\u00e1 una buena previsi\u00f3n meteorol\u00f3gica y una interpretaci\u00f3n del d\u00eda que se enfrente.<\/strong><\/p><\/blockquote><\/div><\/section><\/div>\t\t\t\t\t\t\t\t<\/div>\n\t\t\t\t\t<\/div>\n\t\t\t\t<\/div>\n\t\t\t\t<\/div>\n\t\t","protected":false},"excerpt":{"rendered":"<p>CARACTER\u00cdSTICAS DE LA ZONA La comarca del Ripoll\u00e8s se encuentra en la zona de Pirineo oriental a caballo entre la llanura de la Cerdanya y la zona del Empord\u00e0 donde \u00e9ste delimita con el mar. La comarca: La zona la podr\u00edamos dividir b\u00e1sicamente en dos \u00e1reas, la zona boscosa de media monta\u00f1a que conforma la [&hellip;]<\/p>\n","protected":false},"author":1,"featured_media":0,"parent":0,"menu_order":0,"comment_status":"closed","ping_status":"closed","template":"","meta":{"footnotes":""},"class_list":["post-2051","page","type-page","status-publish","hentry"],"yoast_head":"<!-- This site is optimized with the Yoast SEO plugin v27.4 - https:\/\/yoast.com\/product\/yoast-seo-wordpress\/ -->\n<title>CARACTER\u00cdSTICAS DE LA ZONA - Mapa Hike &amp; Fly<\/title>\n<meta name=\"robots\" content=\"index, follow, max-snippet:-1, max-image-preview:large, max-video-preview:-1\" \/>\n<link rel=\"canonical\" href=\"https:\/\/mapa.parapentcavallera.com\/es\/caracteristicas-de-la-zona\/\" \/>\n<meta property=\"og:locale\" content=\"es_ES\" \/>\n<meta property=\"og:type\" content=\"article\" \/>\n<meta property=\"og:title\" content=\"CARACTER\u00cdSTICAS DE LA ZONA - Mapa Hike &amp; Fly\" \/>\n<meta property=\"og:description\" content=\"CARACTER\u00cdSTICAS DE LA ZONA La comarca del Ripoll\u00e8s se encuentra en la zona de Pirineo oriental a caballo entre la llanura de la Cerdanya y la zona del Empord\u00e0 donde \u00e9ste delimita con el mar. La comarca: La zona la podr\u00edamos dividir b\u00e1sicamente en dos \u00e1reas, la zona boscosa de media monta\u00f1a que conforma la [&hellip;]\" \/>\n<meta property=\"og:url\" content=\"https:\/\/mapa.parapentcavallera.com\/es\/caracteristicas-de-la-zona\/\" \/>\n<meta property=\"og:site_name\" content=\"Mapa Hike &amp; Fly\" \/>\n<meta property=\"article:publisher\" content=\"https:\/\/www.facebook.com\/parapentcavallera\" \/>\n<meta property=\"article:modified_time\" content=\"2025-12-17T08:26:29+00:00\" \/>\n<meta name=\"twitter:card\" content=\"summary_large_image\" \/>\n<meta name=\"twitter:label1\" content=\"Tiempo de lectura\" \/>\n\t<meta name=\"twitter:data1\" content=\"2 minutos\" \/>\n<script type=\"application\/ld+json\" class=\"yoast-schema-graph\">{\"@context\":\"https:\\\/\\\/schema.org\",\"@graph\":[{\"@type\":\"WebPage\",\"@id\":\"https:\\\/\\\/mapa.parapentcavallera.com\\\/es\\\/caracteristicas-de-la-zona\\\/\",\"url\":\"https:\\\/\\\/mapa.parapentcavallera.com\\\/es\\\/caracteristicas-de-la-zona\\\/\",\"name\":\"CARACTER\u00cdSTICAS DE LA ZONA - Mapa Hike &amp; Fly\",\"isPartOf\":{\"@id\":\"http:\\\/\\\/mapa.parapentcavallera.com\\\/#website\"},\"datePublished\":\"2025-10-15T13:41:24+00:00\",\"dateModified\":\"2025-12-17T08:26:29+00:00\",\"breadcrumb\":{\"@id\":\"https:\\\/\\\/mapa.parapentcavallera.com\\\/es\\\/caracteristicas-de-la-zona\\\/#breadcrumb\"},\"inLanguage\":\"es\",\"potentialAction\":[{\"@type\":\"ReadAction\",\"target\":[\"https:\\\/\\\/mapa.parapentcavallera.com\\\/es\\\/caracteristicas-de-la-zona\\\/\"]}]},{\"@type\":\"BreadcrumbList\",\"@id\":\"https:\\\/\\\/mapa.parapentcavallera.com\\\/es\\\/caracteristicas-de-la-zona\\\/#breadcrumb\",\"itemListElement\":[{\"@type\":\"ListItem\",\"position\":1,\"name\":\"Portada\",\"item\":\"https:\\\/\\\/mapa.parapentcavallera.com\\\/es\\\/inicio\\\/\"},{\"@type\":\"ListItem\",\"position\":2,\"name\":\"CARACTER\u00cdSTICAS DE LA ZONA\"}]},{\"@type\":\"WebSite\",\"@id\":\"http:\\\/\\\/mapa.parapentcavallera.com\\\/#website\",\"url\":\"http:\\\/\\\/mapa.parapentcavallera.com\\\/\",\"name\":\"Mapa Hike &amp; Fly\",\"description\":\"Mapa de Hike &amp; Fly del Ripoll\u00e8s\",\"publisher\":{\"@id\":\"http:\\\/\\\/mapa.parapentcavallera.com\\\/#organization\"},\"potentialAction\":[{\"@type\":\"SearchAction\",\"target\":{\"@type\":\"EntryPoint\",\"urlTemplate\":\"http:\\\/\\\/mapa.parapentcavallera.com\\\/?s={search_term_string}\"},\"query-input\":{\"@type\":\"PropertyValueSpecification\",\"valueRequired\":true,\"valueName\":\"search_term_string\"}}],\"inLanguage\":\"es\"},{\"@type\":\"Organization\",\"@id\":\"http:\\\/\\\/mapa.parapentcavallera.com\\\/#organization\",\"name\":\"Mapa Hike &amp; Fly\",\"url\":\"http:\\\/\\\/mapa.parapentcavallera.com\\\/\",\"logo\":{\"@type\":\"ImageObject\",\"inLanguage\":\"es\",\"@id\":\"http:\\\/\\\/mapa.parapentcavallera.com\\\/#\\\/schema\\\/logo\\\/image\\\/\",\"url\":\"https:\\\/\\\/mapa.parapentcavallera.com\\\/wp-content\\\/uploads\\\/2021\\\/11\\\/logoCavalleragran.jpg\",\"contentUrl\":\"https:\\\/\\\/mapa.parapentcavallera.com\\\/wp-content\\\/uploads\\\/2021\\\/11\\\/logoCavalleragran.jpg\",\"width\":992,\"height\":368,\"caption\":\"Mapa Hike &amp; Fly\"},\"image\":{\"@id\":\"http:\\\/\\\/mapa.parapentcavallera.com\\\/#\\\/schema\\\/logo\\\/image\\\/\"},\"sameAs\":[\"https:\\\/\\\/www.facebook.com\\\/parapentcavallera\",\"https:\\\/\\\/www.instagram.com\\\/serracavalleraparapent\\\/\"]}]}<\/script>\n<!-- \/ Yoast SEO plugin. -->","yoast_head_json":{"title":"CARACTER\u00cdSTICAS DE LA ZONA - Mapa Hike &amp; Fly","robots":{"index":"index","follow":"follow","max-snippet":"max-snippet:-1","max-image-preview":"max-image-preview:large","max-video-preview":"max-video-preview:-1"},"canonical":"https:\/\/mapa.parapentcavallera.com\/es\/caracteristicas-de-la-zona\/","og_locale":"es_ES","og_type":"article","og_title":"CARACTER\u00cdSTICAS DE LA ZONA - Mapa Hike &amp; Fly","og_description":"CARACTER\u00cdSTICAS DE LA ZONA La comarca del Ripoll\u00e8s se encuentra en la zona de Pirineo oriental a caballo entre la llanura de la Cerdanya y la zona del Empord\u00e0 donde \u00e9ste delimita con el mar. La comarca: La zona la podr\u00edamos dividir b\u00e1sicamente en dos \u00e1reas, la zona boscosa de media monta\u00f1a que conforma la [&hellip;]","og_url":"https:\/\/mapa.parapentcavallera.com\/es\/caracteristicas-de-la-zona\/","og_site_name":"Mapa Hike &amp; Fly","article_publisher":"https:\/\/www.facebook.com\/parapentcavallera","article_modified_time":"2025-12-17T08:26:29+00:00","twitter_card":"summary_large_image","twitter_misc":{"Tiempo de lectura":"2 minutos"},"schema":{"@context":"https:\/\/schema.org","@graph":[{"@type":"WebPage","@id":"https:\/\/mapa.parapentcavallera.com\/es\/caracteristicas-de-la-zona\/","url":"https:\/\/mapa.parapentcavallera.com\/es\/caracteristicas-de-la-zona\/","name":"CARACTER\u00cdSTICAS DE LA ZONA - Mapa Hike &amp; Fly","isPartOf":{"@id":"http:\/\/mapa.parapentcavallera.com\/#website"},"datePublished":"2025-10-15T13:41:24+00:00","dateModified":"2025-12-17T08:26:29+00:00","breadcrumb":{"@id":"https:\/\/mapa.parapentcavallera.com\/es\/caracteristicas-de-la-zona\/#breadcrumb"},"inLanguage":"es","potentialAction":[{"@type":"ReadAction","target":["https:\/\/mapa.parapentcavallera.com\/es\/caracteristicas-de-la-zona\/"]}]},{"@type":"BreadcrumbList","@id":"https:\/\/mapa.parapentcavallera.com\/es\/caracteristicas-de-la-zona\/#breadcrumb","itemListElement":[{"@type":"ListItem","position":1,"name":"Portada","item":"https:\/\/mapa.parapentcavallera.com\/es\/inicio\/"},{"@type":"ListItem","position":2,"name":"CARACTER\u00cdSTICAS DE LA ZONA"}]},{"@type":"WebSite","@id":"http:\/\/mapa.parapentcavallera.com\/#website","url":"http:\/\/mapa.parapentcavallera.com\/","name":"Mapa Hike &amp; Fly","description":"Mapa de Hike &amp; Fly del Ripoll\u00e8s","publisher":{"@id":"http:\/\/mapa.parapentcavallera.com\/#organization"},"potentialAction":[{"@type":"SearchAction","target":{"@type":"EntryPoint","urlTemplate":"http:\/\/mapa.parapentcavallera.com\/?s={search_term_string}"},"query-input":{"@type":"PropertyValueSpecification","valueRequired":true,"valueName":"search_term_string"}}],"inLanguage":"es"},{"@type":"Organization","@id":"http:\/\/mapa.parapentcavallera.com\/#organization","name":"Mapa Hike &amp; Fly","url":"http:\/\/mapa.parapentcavallera.com\/","logo":{"@type":"ImageObject","inLanguage":"es","@id":"http:\/\/mapa.parapentcavallera.com\/#\/schema\/logo\/image\/","url":"https:\/\/mapa.parapentcavallera.com\/wp-content\/uploads\/2021\/11\/logoCavalleragran.jpg","contentUrl":"https:\/\/mapa.parapentcavallera.com\/wp-content\/uploads\/2021\/11\/logoCavalleragran.jpg","width":992,"height":368,"caption":"Mapa Hike &amp; Fly"},"image":{"@id":"http:\/\/mapa.parapentcavallera.com\/#\/schema\/logo\/image\/"},"sameAs":["https:\/\/www.facebook.com\/parapentcavallera","https:\/\/www.instagram.com\/serracavalleraparapent\/"]}]}},"_links":{"self":[{"href":"https:\/\/mapa.parapentcavallera.com\/es\/wp-json\/wp\/v2\/pages\/2051","targetHints":{"allow":["GET"]}}],"collection":[{"href":"https:\/\/mapa.parapentcavallera.com\/es\/wp-json\/wp\/v2\/pages"}],"about":[{"href":"https:\/\/mapa.parapentcavallera.com\/es\/wp-json\/wp\/v2\/types\/page"}],"author":[{"embeddable":true,"href":"https:\/\/mapa.parapentcavallera.com\/es\/wp-json\/wp\/v2\/users\/1"}],"replies":[{"embeddable":true,"href":"https:\/\/mapa.parapentcavallera.com\/es\/wp-json\/wp\/v2\/comments?post=2051"}],"version-history":[{"count":4,"href":"https:\/\/mapa.parapentcavallera.com\/es\/wp-json\/wp\/v2\/pages\/2051\/revisions"}],"predecessor-version":[{"id":2426,"href":"https:\/\/mapa.parapentcavallera.com\/es\/wp-json\/wp\/v2\/pages\/2051\/revisions\/2426"}],"wp:attachment":[{"href":"https:\/\/mapa.parapentcavallera.com\/es\/wp-json\/wp\/v2\/media?parent=2051"}],"curies":[{"name":"wp","href":"https:\/\/api.w.org\/{rel}","templated":true}]}}